{"id":25,"date":"2019-11-19T11:48:37","date_gmt":"2019-11-19T11:48:37","guid":{"rendered":"http:\/\/mirella-thuja.de\/?page_id=25"},"modified":"2019-11-19T11:50:20","modified_gmt":"2019-11-19T11:50:20","slug":"25-2","status":"publish","type":"page","link":"https:\/\/mirella-thuja.de\/?page_id=25","title":{"rendered":"\u00dcber mich"},"content":{"rendered":"\n<p>Mein Name ist Mirella Thuja. <\/p>\n\n\n\n<p>Statt Kunst habe ich Jura studiert. W\u00e4hrend meiner\nReferendarzeit machte ich noch eine Ausbildung zur Heilpraktikerin und beendete\nbeide Ausbildungen erfolgreich. <\/p>\n\n\n\n<p>DOCH <\/p>\n\n\n\n<p>Malerei war schon immer ein Teil meines Lebens. Seit fr\u00fchester\nKindheit liebe ich es, Bilder zu malen. Kunst ist f\u00fcr mich ein direktes,\nsinnliches und k\u00f6rperliches Erlebnis, sodass ich oft mit den Fingern male. F\u00fcr\nmich ist das Malen ein MUSS, ein Bed\u00fcrfnis, meiner Seele Ausdruck zu verleihen.\n<\/p>\n\n\n\n<p>Neben Acrylbildern auf Leinwand geh\u00f6ren Mischtechniken auf\nPapier zu meinem Repertoire. Manchmal benutze ich dabei Blattgold, Gelbgold\noder Wei\u00dfgold als Material. <\/p>\n\n\n\n<p>Ich lasse mich von Natur, Menschen, Lyrik, oder Musik\ninspirieren. In meinen Werken spielen Licht und Farben immer eine zentrale\nRolle. Ich m\u00f6chte das Leuchten optimal zum Vorschein bringen, auf dem Bild und\nim Menschen. So dienen meine Gem\u00e4lde und Papierarbeiten auch dazu, gerade in\nschwierigen Situationen das Licht und die Sch\u00f6nheit wiederzufinden. Sie sind\ntherapeutisch.<\/p>\n\n\n\n<p>Das Leben ist bunt, sch\u00f6n und frei. Das zeige ich in meiner\nKunst.<\/p>\n","protected":false},"excerpt":{"rendered":"<p>Mein Name ist Mirella Thuja. Statt Kunst habe ich Jura studiert. W\u00e4hrend meiner Referendarzeit machte ich noch eine Ausbildung zur Heilpraktikerin und beendete beide Ausbildungen erfolgreich. DOCH Malerei war schon immer ein Teil meines Lebens. Seit fr\u00fchester Kindheit liebe ich es, Bilder zu malen. Kunst ist f\u00fcr mich ein direktes, sinnliches und k\u00f6rperliches Erlebnis, sodass ich oft mit den Fingern male. F\u00fcr mich ist das Malen ein MUSS, ein Bed\u00fcrfnis, meiner Seele Ausdruck zu verleihen. Neben Acrylbildern auf Leinwand geh\u00f6ren Mischtechniken auf Papier zu meinem Repertoire. Manchmal benutze ich dabei Blattgold, Gelbgold oder Wei\u00dfgold als Material. Ich lasse mich von Natur, Menschen, Lyrik, oder Musik inspirieren. In meinen Werken spielen&#8230;<\/p>\n","protected":false},"author":1,"featured_media":0,"parent":0,"menu_order":0,"comment_status":"closed","ping_status":"closed","template":"","meta":{"ngg_post_thumbnail":0,"footnotes":""},"class_list":["post-25","page","type-page","status-publish","hentry"],"_links":{"self":[{"href":"https:\/\/mirella-thuja.de\/index.php?rest_route=\/wp\/v2\/pages\/25","targetHints":{"allow":["GET"]}}],"collection":[{"href":"https:\/\/mirella-thuja.de\/index.php?rest_route=\/wp\/v2\/pages"}],"about":[{"href":"https:\/\/mirella-thuja.de\/index.php?rest_route=\/wp\/v2\/types\/page"}],"author":[{"embeddable":true,"href":"https:\/\/mirella-thuja.de\/index.php?rest_route=\/wp\/v2\/users\/1"}],"replies":[{"embeddable":true,"href":"https:\/\/mirella-thuja.de\/index.php?rest_route=%2Fwp%2Fv2%2Fcomments&post=25"}],"version-history":[{"count":2,"href":"https:\/\/mirella-thuja.de\/index.php?rest_route=\/wp\/v2\/pages\/25\/revisions"}],"predecessor-version":[{"id":27,"href":"https:\/\/mirella-thuja.de\/index.php?rest_route=\/wp\/v2\/pages\/25\/revisions\/27"}],"wp:attachment":[{"href":"https:\/\/mirella-thuja.de\/index.php?rest_route=%2Fwp%2Fv2%2Fmedia&parent=25"}],"curies":[{"name":"wp","href":"https:\/\/api.w.org\/{rel}","templated":true}]}}