{"id":2,"date":"2016-05-10T03:48:21","date_gmt":"2016-05-10T03:48:21","guid":{"rendered":"http:\/\/mirella-thuja.de\/?page_id=2"},"modified":"2019-11-19T11:41:20","modified_gmt":"2019-11-19T11:41:20","slug":"2-2","status":"publish","type":"page","link":"https:\/\/mirella-thuja.de\/","title":{"rendered":"Mirella Thuja"},"content":{"rendered":"\n<figure class=\"wp-block-image size-large\"><img loading=\"lazy\" decoding=\"async\" width=\"1024\" height=\"732\" src=\"https:\/\/mirella-thuja.de\/wp-content\/uploads\/2019\/11\/businessfoto-1024x732.jpg\" alt=\"\" class=\"wp-image-15\" srcset=\"https:\/\/mirella-thuja.de\/wp-content\/uploads\/2019\/11\/businessfoto-1024x732.jpg 1024w, https:\/\/mirella-thuja.de\/wp-content\/uploads\/2019\/11\/businessfoto-300x214.jpg 300w, https:\/\/mirella-thuja.de\/wp-content\/uploads\/2019\/11\/businessfoto-768x549.jpg 768w, https:\/\/mirella-thuja.de\/wp-content\/uploads\/2019\/11\/businessfoto-1536x1097.jpg 1536w, https:\/\/mirella-thuja.de\/wp-content\/uploads\/2019\/11\/businessfoto-2048x1463.jpg 2048w\" sizes=\"auto, (max-width: 1024px) 100vw, 1024px\" \/><\/figure>\n\n\n<p>Malerei war schon immer ein Teil meines Lebens. Seit fr\u00fchester Kindheit liebe ich es, Bilder zu malen. Kunst ist f\u00fcr mich ein direktes, sinnliches und k\u00f6rperliches Erlebnis, sodass ich oft mit den Fingern male. Ich lasse mich von Natur, Menschen, Lyrik oder Musik inspirieren. Neben Acrylbildern auf Leinwand geh\u00f6ren Mischtechniken auf Papier zu meinem Repertoire.<\/p>\n<p>Das Leben ist bunt, sch\u00f6n und frei. Das zeige ich in meiner Kunst.<\/p>","protected":false},"excerpt":{"rendered":"<p>Malerei war schon immer ein Teil meines Lebens. Seit fr\u00fchester Kindheit liebe ich es, Bilder zu malen. Kunst ist f\u00fcr mich ein direktes, sinnliches und k\u00f6rperliches Erlebnis, sodass ich oft mit den Fingern male. Ich lasse mich von Natur, Menschen, Lyrik oder Musik inspirieren. Neben Acrylbildern auf Leinwand geh\u00f6ren Mischtechniken auf Papier zu meinem Repertoire. Das Leben ist bunt, sch\u00f6n und frei. Das zeige ich in meiner Kunst.<\/p>\n","protected":false},"author":1,"featured_media":0,"parent":0,"menu_order":0,"comment_status":"closed","ping_status":"closed","template":"","meta":{"ngg_post_thumbnail":0,"footnotes":""},"class_list":["post-2","page","type-page","status-publish","hentry"],"_links":{"self":[{"href":"https:\/\/mirella-thuja.de\/index.php?rest_route=\/wp\/v2\/pages\/2","targetHints":{"allow":["GET"]}}],"collection":[{"href":"https:\/\/mirella-thuja.de\/index.php?rest_route=\/wp\/v2\/pages"}],"about":[{"href":"https:\/\/mirella-thuja.de\/index.php?rest_route=\/wp\/v2\/types\/page"}],"author":[{"embeddable":true,"href":"https:\/\/mirella-thuja.de\/index.php?rest_route=\/wp\/v2\/users\/1"}],"replies":[{"embeddable":true,"href":"https:\/\/mirella-thuja.de\/index.php?rest_route=%2Fwp%2Fv2%2Fcomments&post=2"}],"version-history":[{"count":5,"href":"https:\/\/mirella-thuja.de\/index.php?rest_route=\/wp\/v2\/pages\/2\/revisions"}],"predecessor-version":[{"id":23,"href":"https:\/\/mirella-thuja.de\/index.php?rest_route=\/wp\/v2\/pages\/2\/revisions\/23"}],"wp:attachment":[{"href":"https:\/\/mirella-thuja.de\/index.php?rest_route=%2Fwp%2Fv2%2Fmedia&parent=2"}],"curies":[{"name":"wp","href":"https:\/\/api.w.org\/{rel}","templated":true}]}}